{"id":755,"date":"2024-10-28T18:21:28","date_gmt":"2024-10-28T18:21:28","guid":{"rendered":"https:\/\/unioenergy.com\/maintenance-cycle-assistance\/"},"modified":"2024-12-02T19:26:34","modified_gmt":"2024-12-02T19:26:34","slug":"maintenance-cycle-assistance","status":"publish","type":"page","link":"https:\/\/unioenergy.com\/en\/maintenance-cycle-assistance\/","title":{"rendered":"Maintenance Cycle Assistance"},"content":{"rendered":"\t\t<div data-elementor-type=\"wp-page\" data-elementor-id=\"755\" class=\"elementor elementor-755\" data-elementor-post-type=\"page\">\n\t\t\t\t\t\t<section class=\"elementor-section elementor-top-section elementor-element elementor-element-32c85db7 op-section elementor-section-boxed elementor-section-height-default elementor-section-height-default\" data-id=\"32c85db7\" data-element_type=\"section\" id=\"portfolio\">\n\t\t\t\t\t\t<div class=\"elementor-container elementor-column-gap-default\">\n\t\t\t\t\t<div class=\"elementor-column elementor-col-100 elementor-top-column elementor-element elementor-element-1db94c97\" data-id=\"1db94c97\" data-element_type=\"column\">\n\t\t\t<div class=\"elementor-widget-wrap elementor-element-populated\">\n\t\t\t\t\t\t<div class=\"elementor-element elementor-element-2cf43f3 elementor-widget elementor-widget-heading\" data-id=\"2cf43f3\" data-element_type=\"widget\" data-widget_type=\"heading.default\">\n\t\t\t\t<div class=\"elementor-widget-container\">\n\t\t\t<h3 class=\"elementor-heading-title elementor-size-default\">Maintenance Cycle Assistance\n\n\n<\/h3>\t\t<\/div>\n\t\t\t\t<\/div>\n\t\t\t\t<div class=\"elementor-element elementor-element-49384ba elementor-widget elementor-widget-heading\" data-id=\"49384ba\" data-element_type=\"widget\" data-widget_type=\"heading.default\">\n\t\t\t\t<div class=\"elementor-widget-container\">\n\t\t\t<h2 class=\"elementor-heading-title elementor-size-default\">Comprehensive Maintenance Service: 3 KF<\/h2>\t\t<\/div>\n\t\t\t\t<\/div>\n\t\t\t\t<div class=\"elementor-element elementor-element-caff820 elementor-widget elementor-widget-text-editor\" data-id=\"caff820\" data-element_type=\"widget\" data-widget_type=\"text-editor.default\">\n\t\t\t\t<div class=\"elementor-widget-container\">\n\t\t\t\t\t\t\tAyudamos a nuestros clientes a tomar mejores decisiones en t\u00e9rminos de implementaci\u00f3n de upgrades, negociaciones o renegociaciones de contratos y adquisici\u00f3n de nuevos equipos. Nuestra metodolog\u00eda cubre todos los aspectos clave para garantizar decisiones informadas y estrat\u00e9gicas.\t\t\t\t\t\t<\/div>\n\t\t\t\t<\/div>\n\t\t\t\t<div class=\"elementor-element elementor-element-dab9c66 elementor-widget elementor-widget-image\" data-id=\"dab9c66\" data-element_type=\"widget\" data-widget_type=\"image.default\">\n\t\t\t\t<div class=\"elementor-widget-container\">\n\t\t\t\t\t\t\t\t\t\t\t\t\t<img fetchpriority=\"high\" decoding=\"async\" width=\"1400\" height=\"601\" src=\"https:\/\/unioenergy.com\/wp-content\/uploads\/2024\/10\/serv2.webp\" class=\"attachment-full size-full wp-image-410\" alt=\"\" srcset=\"https:\/\/unioenergy.com\/wp-content\/uploads\/2024\/10\/serv2.webp 1400w, https:\/\/unioenergy.com\/wp-content\/uploads\/2024\/10\/serv2-300x129.webp 300w, https:\/\/unioenergy.com\/wp-content\/uploads\/2024\/10\/serv2-1024x440.webp 1024w, https:\/\/unioenergy.com\/wp-content\/uploads\/2024\/10\/serv2-768x330.webp 768w\" sizes=\"(max-width: 1400px) 100vw, 1400px\" \/>\t\t\t\t\t\t\t\t\t\t\t\t\t<\/div>\n\t\t\t\t<\/div>\n\t\t\t\t<div class=\"elementor-element elementor-element-35b857a elementor-widget elementor-widget-heading\" data-id=\"35b857a\" data-element_type=\"widget\" data-widget_type=\"heading.default\">\n\t\t\t\t<div class=\"elementor-widget-container\">\n\t\t\t<h3 class=\"elementor-heading-title elementor-size-default\">Evaluaci\u00f3n de upgrades y nuevos equipos \n<\/h3>\t\t<\/div>\n\t\t\t\t<\/div>\n\t\t\t\t<div class=\"elementor-element elementor-element-208b62f elementor-widget elementor-widget-text-editor\" data-id=\"208b62f\" data-element_type=\"widget\" data-widget_type=\"text-editor.default\">\n\t\t\t\t<div class=\"elementor-widget-container\">\n\t\t\t\t\t\t\t1.Evaluaci\u00f3n de la condici\u00f3n de los equipos y definici\u00f3n de alcance\n\t\t\t\t\t\t<\/div>\n\t\t\t\t<\/div>\n\t\t\t\t<div class=\"elementor-element elementor-element-b62ea5b elementor-widget elementor-widget-text-editor\" data-id=\"b62ea5b\" data-element_type=\"widget\" data-widget_type=\"text-editor.default\">\n\t\t\t\t<div class=\"elementor-widget-container\">\n\t\t\t\t\t\t\t<ul>\n \t<li>Confecci\u00f3n del &#8220;clinical record&#8221; de los equipos.<\/li>\n \t<li>Centralizaci\u00f3n de la informaci\u00f3n sobre historial de mantenimiento, fallas, operaci\u00f3n, calidad de combustible, agua y aceite, y la historia de los componentes.<\/li>\n \t<li>Alcance t\u00e9cnico: a partir de las recomendaciones del fabricante y necesidades del negocio se define el alcance t\u00e9cnico.<\/li>\n \t<li>Alcance Contractual: en contratos a largo plazo, determinamos el alcance necesario del mantenimiento en base el estado del equipo y lo contrastamos con la cobertura del contrato existente, identificando las necesidades adicionales. En contratos transaccionales, contribuimos a la definici\u00f3n de las bases t\u00e9cnicas de los pliegos de licitaci\u00f3n.<\/li>\n<\/ul>\t\t\t\t\t\t<\/div>\n\t\t\t\t<\/div>\n\t\t\t\t<div class=\"elementor-element elementor-element-a80d221 elementor-widget elementor-widget-text-editor\" data-id=\"a80d221\" data-element_type=\"widget\" data-widget_type=\"text-editor.default\">\n\t\t\t\t<div class=\"elementor-widget-container\">\n\t\t\t\t\t\t\t2.Planificaci\u00f3n, seguimiento y gesti\u00f3n del mantenimiento\n\t\t\t\t\t\t<\/div>\n\t\t\t\t<\/div>\n\t\t\t\t<div class=\"elementor-element elementor-element-a8c9a26 elementor-widget elementor-widget-text-editor\" data-id=\"a8c9a26\" data-element_type=\"widget\" data-widget_type=\"text-editor.default\">\n\t\t\t\t<div class=\"elementor-widget-container\">\n\t\t\t\t\t\t\t<ul>\n \t<li>Definici\u00f3n de necesidades: en base al alcance determinado se definen componentes (considerando ciclos de reparaci\u00f3n y provisi\u00f3n), recursos necesarios y las especificaciones t\u00e9cnicas.<\/li>\n \t<li>Planificaci\u00f3n detallada: determinamos los tiempos e impactos del mantenimiento seg\u00fan las necesidades del negocio, optimizando el cronograma y su ruta cr\u00edtica con iniciativas de productividad y gesti\u00f3n de riesgos. Adem\u00e1s realizamos el an\u00e1lisis de riesgo donde para prever los potenciales desv\u00edos, junto con sus planes de mitigaci\u00f3n.<\/li>\n<\/ul>\t\t\t\t\t\t<\/div>\n\t\t\t\t<\/div>\n\t\t\t\t<div class=\"elementor-element elementor-element-19a86f9 elementor-widget elementor-widget-heading\" data-id=\"19a86f9\" data-element_type=\"widget\" data-widget_type=\"heading.default\">\n\t\t\t\t<div class=\"elementor-widget-container\">\n\t\t\t<h3 class=\"elementor-heading-title elementor-size-default\">Durante la Parada\n\n<\/h3>\t\t<\/div>\n\t\t\t\t<\/div>\n\t\t\t\t<div class=\"elementor-element elementor-element-fb46d9f elementor-widget elementor-widget-text-editor\" data-id=\"fb46d9f\" data-element_type=\"widget\" data-widget_type=\"text-editor.default\">\n\t\t\t\t<div class=\"elementor-widget-container\">\n\t\t\t\t\t\t\t3.Gesti\u00f3n t\u00e9cnica de proyectos\t\t\t\t\t\t<\/div>\n\t\t\t\t<\/div>\n\t\t\t\t<div class=\"elementor-element elementor-element-f45f52c elementor-widget elementor-widget-text-editor\" data-id=\"f45f52c\" data-element_type=\"widget\" data-widget_type=\"text-editor.default\">\n\t\t\t\t<div class=\"elementor-widget-container\">\n\t\t\t\t\t\t\t<ul>\n \t<li>Seguimiento diario: acompa\u00f1amiento a la gesti\u00f3n diaria del mantenimiento con un seguimiento continuo, asegurando el cumplimiento t\u00e9cnico y el marco contractual y anticipando la necesidad de recursos cr\u00edticos para evitar retrasos.<\/li>\n \t<li>Prevenci\u00f3n e identificaci\u00f3n de desv\u00edos: nos adelantamos a las &#8220;red-flags&#8221; siguiendo el cumplimiento de la ruta cr\u00edtica y registrando las No Conformidades para posibles gestiones de garant\u00edas o negociaciones con proveedores.<\/li>\n \t<li>Apoyamos en el registro contractual de desv\u00edos t\u00e9cnicos o de ejecuci\u00f3n.<\/li>\n \t<li>An\u00e1lisis t\u00e9cnico contractual de los reportes de mantenimiento.<\/li>\n<\/ul>\t\t\t\t\t\t<\/div>\n\t\t\t\t<\/div>\n\t\t\t\t<div class=\"elementor-element elementor-element-94cd25f elementor-widget elementor-widget-text-editor\" data-id=\"94cd25f\" data-element_type=\"widget\" data-widget_type=\"text-editor.default\">\n\t\t\t\t<div class=\"elementor-widget-container\">\n\t\t\t\t\t\t\t4.Control activo de calidad\t\t\t\t\t\t<\/div>\n\t\t\t\t<\/div>\n\t\t\t\t<div class=\"elementor-element elementor-element-0d2be81 elementor-widget elementor-widget-text-editor\" data-id=\"0d2be81\" data-element_type=\"widget\" data-widget_type=\"text-editor.default\">\n\t\t\t\t<div class=\"elementor-widget-container\">\n\t\t\t\t\t\t\t<ul>\n \t<li>Control de calidad riguroso enfocado en la confiabilidad y en la prevenci\u00f3n de retrabajos.<\/li>\n \t<li>Actualizaci\u00f3n del Clinical Record: Una vez finalizado el mantenimiento, actualizamos el historial cl\u00ednico de los equipos, dej\u00e1ndolo listo para futuras asistencias t\u00e9cnicas.<\/li>\n<\/ul>\t\t\t\t\t\t<\/div>\n\t\t\t\t<\/div>\n\t\t\t\t<div class=\"elementor-element elementor-element-ea5c13a elementor-widget elementor-widget-heading\" data-id=\"ea5c13a\" data-element_type=\"widget\" data-widget_type=\"heading.default\">\n\t\t\t\t<div class=\"elementor-widget-container\">\n\t\t\t<h3 class=\"elementor-heading-title elementor-size-default\">Respuesta a Paradas No Programadas\n\n<\/h3>\t\t<\/div>\n\t\t\t\t<\/div>\n\t\t\t\t<div class=\"elementor-element elementor-element-3ef1566 elementor-widget elementor-widget-text-editor\" data-id=\"3ef1566\" data-element_type=\"widget\" data-widget_type=\"text-editor.default\">\n\t\t\t\t<div class=\"elementor-widget-container\">\n\t\t\t\t\t\t\tEn ocasiones, un generador puede experimentar una parada no programada. \nEn estos casos, implementamos nuestro m\u00e9todo est\u00e1ndar de forma acelerada. En primer lugar, definimos el alcance del mantenimiento seg\u00fan el diagn\u00f3stico de la falla espec\u00edfica. En segundo lugar, dise\u00f1amos y ejecutamos un plan CAPA (Corrective and Preventive Actions) con nuestros Especialistas t\u00e9cnicos de proyectos, asegurando una r\u00e1pida vuelta a la operatividad y minimizando riesgos.\t\t\t\t\t\t<\/div>\n\t\t\t\t<\/div>\n\t\t\t\t<div class=\"elementor-element elementor-element-70d6d8a elementor-widget elementor-widget-heading\" data-id=\"70d6d8a\" data-element_type=\"widget\" data-widget_type=\"heading.default\">\n\t\t\t\t<div class=\"elementor-widget-container\">\n\t\t\t<h3 class=\"elementor-heading-title elementor-size-default\">Beneficios de nuestro enfoque\n\n\n<\/h3>\t\t<\/div>\n\t\t\t\t<\/div>\n\t\t\t\t<div class=\"elementor-element elementor-element-c9b1f15 elementor-widget elementor-widget-text-editor\" data-id=\"c9b1f15\" data-element_type=\"widget\" data-widget_type=\"text-editor.default\">\n\t\t\t\t<div class=\"elementor-widget-container\">\n\t\t\t\t\t\t\t<p><strong>Con nuestra metodolog\u00eda:<\/strong><br \/>Prevemos posibles inconvenientes t\u00e9cnicos y planificamos su reparaci\u00f3n durante paradas programadas.<br \/>Garantizamos un mantenimiento completo que evita paradas no programadas.<br \/>Reducimos los tiempos de paradas programadas con una mejor planificaci\u00f3n y acompa\u00f1amiento t\u00e9cnico y de gesti\u00f3n durante la implementaci\u00f3n.<\/p>\t\t\t\t\t\t<\/div>\n\t\t\t\t<\/div>\n\t\t\t\t<div class=\"elementor-element elementor-element-c63a9fa elementor-widget elementor-widget-button\" data-id=\"c63a9fa\" data-element_type=\"widget\" data-widget_type=\"button.default\">\n\t\t\t\t<div class=\"elementor-widget-container\">\n\t\t\t\t\t<div class=\"elementor-button-wrapper\">\n\t\t\t<a class=\"elementor-button elementor-button-link elementor-size-sm\" href=\"https:\/\/unioenergy.com\/onepage-1\/\">\n\t\t\t\t\t\t<span class=\"elementor-button-content-wrapper\">\n\t\t\t\t\t\t\t\t\t<span class=\"elementor-button-text\">Volver al home<\/span>\n\t\t\t\t\t<\/span>\n\t\t\t\t\t<\/a>\n\t\t<\/div>\n\t\t\t\t<\/div>\n\t\t\t\t<\/div>\n\t\t\t\t\t<\/div>\n\t\t<\/div>\n\t\t\t\t\t<\/div>\n\t\t<\/section>\n\t\t\t\t<\/div>\n\t\t","protected":false},"excerpt":{"rendered":"<p>Maintenance Cycle Assistance Comprehensive Maintenance Service: 3 KF Ayudamos a nuestros clientes a tomar mejores decisiones en t\u00e9rminos de implementaci\u00f3n de upgrades, negociaciones o renegociaciones de contratos y adquisici\u00f3n de nuevos equipos. Nuestra metodolog\u00eda cubre todos los aspectos clave para garantizar decisiones informadas y estrat\u00e9gicas. Evaluaci\u00f3n de upgrades y nuevos equipos 1.Evaluaci\u00f3n de la condici\u00f3n [&hellip;]<\/p>\n","protected":false},"author":1,"featured_media":0,"parent":0,"menu_order":0,"comment_status":"closed","ping_status":"closed","template":"","meta":{"inline_featured_image":false,"footnotes":""},"class_list":["post-755","page","type-page","status-publish","hentry"],"_links":{"self":[{"href":"https:\/\/unioenergy.com\/en\/wp-json\/wp\/v2\/pages\/755","targetHints":{"allow":["GET"]}}],"collection":[{"href":"https:\/\/unioenergy.com\/en\/wp-json\/wp\/v2\/pages"}],"about":[{"href":"https:\/\/unioenergy.com\/en\/wp-json\/wp\/v2\/types\/page"}],"author":[{"embeddable":true,"href":"https:\/\/unioenergy.com\/en\/wp-json\/wp\/v2\/users\/1"}],"replies":[{"embeddable":true,"href":"https:\/\/unioenergy.com\/en\/wp-json\/wp\/v2\/comments?post=755"}],"version-history":[{"count":4,"href":"https:\/\/unioenergy.com\/en\/wp-json\/wp\/v2\/pages\/755\/revisions"}],"predecessor-version":[{"id":763,"href":"https:\/\/unioenergy.com\/en\/wp-json\/wp\/v2\/pages\/755\/revisions\/763"}],"wp:attachment":[{"href":"https:\/\/unioenergy.com\/en\/wp-json\/wp\/v2\/media?parent=755"}],"curies":[{"name":"wp","href":"https:\/\/api.w.org\/{rel}","templated":true}]}}