{"id":756,"date":"2024-10-28T18:35:56","date_gmt":"2024-10-28T18:35:56","guid":{"rendered":"https:\/\/unioenergy.com\/partnering\/"},"modified":"2024-12-02T19:25:33","modified_gmt":"2024-12-02T19:25:33","slug":"partnering","status":"publish","type":"page","link":"https:\/\/unioenergy.com\/en\/partnering\/","title":{"rendered":"Partnering"},"content":{"rendered":"\t\t<div data-elementor-type=\"wp-page\" data-elementor-id=\"756\" class=\"elementor elementor-756\" data-elementor-post-type=\"page\">\n\t\t\t\t\t\t<section class=\"elementor-section elementor-top-section elementor-element elementor-element-32c85db7 op-section elementor-section-boxed elementor-section-height-default elementor-section-height-default\" data-id=\"32c85db7\" data-element_type=\"section\" id=\"portfolio\">\n\t\t\t\t\t\t<div class=\"elementor-container elementor-column-gap-default\">\n\t\t\t\t\t<div class=\"elementor-column elementor-col-100 elementor-top-column elementor-element elementor-element-1db94c97\" data-id=\"1db94c97\" data-element_type=\"column\">\n\t\t\t<div class=\"elementor-widget-wrap elementor-element-populated\">\n\t\t\t\t\t\t<div class=\"elementor-element elementor-element-2cf43f3 elementor-widget elementor-widget-heading\" data-id=\"2cf43f3\" data-element_type=\"widget\" data-widget_type=\"heading.default\">\n\t\t\t\t<div class=\"elementor-widget-container\">\n\t\t\t<h3 class=\"elementor-heading-title elementor-size-default\">Partnering\n\n\n<\/h3>\t\t<\/div>\n\t\t\t\t<\/div>\n\t\t\t\t<div class=\"elementor-element elementor-element-49384ba elementor-widget elementor-widget-heading\" data-id=\"49384ba\" data-element_type=\"widget\" data-widget_type=\"heading.default\">\n\t\t\t\t<div class=\"elementor-widget-container\">\n\t\t\t<h2 class=\"elementor-heading-title elementor-size-default\">Acompa\u00f1amiento t\u00e9cnico contractual para empresas generadoras de energ\u00eda\n<\/h2>\t\t<\/div>\n\t\t\t\t<\/div>\n\t\t\t\t<div class=\"elementor-element elementor-element-caff820 elementor-widget elementor-widget-text-editor\" data-id=\"caff820\" data-element_type=\"widget\" data-widget_type=\"text-editor.default\">\n\t\t\t\t<div class=\"elementor-widget-container\">\n\t\t\t\t\t\t\t<p>La operaci\u00f3n cotidiana de una central de energ\u00eda puede estresar las capacidades en los equipos de planta. Nuestro servicio de Partnering acompa\u00f1a las actividades permanentes abordando los problemas que afectan la gesti\u00f3n diaria, como:<br \/><strong>&gt; Contratos poco claros o desequilibrados:<\/strong> las responsabilidades entre el proveedor y el cliente no est\u00e1n definidas de manera precisa o desempe\u00f1adas diligentemente.<br \/><strong>&gt; Falta de un historial cl\u00ednico integral:<\/strong> usualmente no es sencillo incluir todos los aspectos que hacen a un registro completo de la historia y condici\u00f3n actual de los equipos, dificultando el diagn\u00f3stico preciso.<br \/><strong>Nuestro servicio de Partnering aborda estos desaf\u00edos con un enfoque integral en dos frentes:<\/strong><\/p>\t\t\t\t\t\t<\/div>\n\t\t\t\t<\/div>\n\t\t\t\t<div class=\"elementor-element elementor-element-dab9c66 elementor-widget elementor-widget-image\" data-id=\"dab9c66\" data-element_type=\"widget\" data-widget_type=\"image.default\">\n\t\t\t\t<div class=\"elementor-widget-container\">\n\t\t\t\t\t\t\t\t\t\t\t\t\t<img fetchpriority=\"high\" decoding=\"async\" width=\"1400\" height=\"601\" src=\"https:\/\/unioenergy.com\/wp-content\/uploads\/2024\/10\/serv3.webp\" class=\"attachment-full size-full wp-image-419\" alt=\"\" srcset=\"https:\/\/unioenergy.com\/wp-content\/uploads\/2024\/10\/serv3.webp 1400w, https:\/\/unioenergy.com\/wp-content\/uploads\/2024\/10\/serv3-300x129.webp 300w, https:\/\/unioenergy.com\/wp-content\/uploads\/2024\/10\/serv3-1024x440.webp 1024w, https:\/\/unioenergy.com\/wp-content\/uploads\/2024\/10\/serv3-768x330.webp 768w\" sizes=\"(max-width: 1400px) 100vw, 1400px\" \/>\t\t\t\t\t\t\t\t\t\t\t\t\t<\/div>\n\t\t\t\t<\/div>\n\t\t\t\t<div class=\"elementor-element elementor-element-35b857a elementor-widget elementor-widget-heading\" data-id=\"35b857a\" data-element_type=\"widget\" data-widget_type=\"heading.default\">\n\t\t\t\t<div class=\"elementor-widget-container\">\n\t\t\t<h3 class=\"elementor-heading-title elementor-size-default\">An\u00e1lisis Contractual\n\n<\/h3>\t\t<\/div>\n\t\t\t\t<\/div>\n\t\t\t\t<div class=\"elementor-element elementor-element-208b62f elementor-widget elementor-widget-text-editor\" data-id=\"208b62f\" data-element_type=\"widget\" data-widget_type=\"text-editor.default\">\n\t\t\t\t<div class=\"elementor-widget-container\">\n\t\t\t\t\t\t\tRealizamos un an\u00e1lisis detallado de los contratos existentes para identificar y clarificar las responsabilidades de cada parte en la operaci\u00f3n permanente y dar soporte en la resoluci\u00f3n de eventuales problemas. Esto incluye:\t\t\t\t\t\t<\/div>\n\t\t\t\t<\/div>\n\t\t\t\t<div class=\"elementor-element elementor-element-b62ea5b elementor-widget elementor-widget-text-editor\" data-id=\"b62ea5b\" data-element_type=\"widget\" data-widget_type=\"text-editor.default\">\n\t\t\t\t<div class=\"elementor-widget-container\">\n\t\t\t\t\t\t\t<ul>\n<li>Propuestas para equilibrar las responsabilidades entre proveedor y cliente e interpretar \u00e1reas grises.\n<\/li>\n \t<li>Estrategias para mejorar la claridad y efectividad contractual en las gestiones cotidianas.<\/li>\n \t<li>Control de responsabilidades contractuales.<\/li>\n<\/ul>\t\t\t\t\t\t<\/div>\n\t\t\t\t<\/div>\n\t\t\t\t<div class=\"elementor-element elementor-element-2e686f9 elementor-widget elementor-widget-heading\" data-id=\"2e686f9\" data-element_type=\"widget\" data-widget_type=\"heading.default\">\n\t\t\t\t<div class=\"elementor-widget-container\">\n\t\t\t<h3 class=\"elementor-heading-title elementor-size-default\">Historia Cl\u00ednica de los equipos\n\n\n<\/h3>\t\t<\/div>\n\t\t\t\t<\/div>\n\t\t\t\t<div class=\"elementor-element elementor-element-a80d221 elementor-widget elementor-widget-text-editor\" data-id=\"a80d221\" data-element_type=\"widget\" data-widget_type=\"text-editor.default\">\n\t\t\t\t<div class=\"elementor-widget-container\">\n\t\t\t\t\t\t\tCentralizamos y organizamos toda la informaci\u00f3n relevante sobre el historial de los equipos, creando una &#8220;historia cl\u00ednica&#8221; que incluye:\t\t\t\t\t\t<\/div>\n\t\t\t\t<\/div>\n\t\t\t\t<div class=\"elementor-element elementor-element-a8c9a26 elementor-widget elementor-widget-text-editor\" data-id=\"a8c9a26\" data-element_type=\"widget\" data-widget_type=\"text-editor.default\">\n\t\t\t\t<div class=\"elementor-widget-container\">\n\t\t\t\t\t\t\t<ul>\n \t<li>Historial de mantenimientos.<\/li>\n \t<li>Registro de fallas.<\/li>\n        <li>Historial de operaci\u00f3n.<\/li>\n       <li>Registro de calidad de combustible, agua y aceite.<\/li>\n      <li>Documentaci\u00f3n del &#8220;pedigree&#8221; de los componentes.<\/li>\n<\/ul>\n\nEste registro exhaustivo permite una comprensi\u00f3n hol\u00edstica del estado y necesidades de los equipos.\t\t\t\t\t\t<\/div>\n\t\t\t\t<\/div>\n\t\t\t\t<div class=\"elementor-element elementor-element-19a86f9 elementor-widget elementor-widget-heading\" data-id=\"19a86f9\" data-element_type=\"widget\" data-widget_type=\"heading.default\">\n\t\t\t\t<div class=\"elementor-widget-container\">\n\t\t\t<h3 class=\"elementor-heading-title elementor-size-default\">Beneficios de nuestro enfoque\n\n\n<\/h3>\t\t<\/div>\n\t\t\t\t<\/div>\n\t\t\t\t<div class=\"elementor-element elementor-element-fb46d9f elementor-widget elementor-widget-text-editor\" data-id=\"fb46d9f\" data-element_type=\"widget\" data-widget_type=\"text-editor.default\">\n\t\t\t\t<div class=\"elementor-widget-container\">\n\t\t\t\t\t\t\tCon estas dos herramientas, logramos:\n\t\t\t\t\t\t<\/div>\n\t\t\t\t<\/div>\n\t\t\t\t<div class=\"elementor-element elementor-element-f45f52c elementor-widget elementor-widget-text-editor\" data-id=\"f45f52c\" data-element_type=\"widget\" data-widget_type=\"text-editor.default\">\n\t\t\t\t<div class=\"elementor-widget-container\">\n\t\t\t\t\t\t\t<ul>\n \t<li>Claridad en las responsabilidades y expectativas: definimos roles y responsabilidades, c\u00f3mo y bajo qu\u00e9 est\u00e1ndares.<\/li>\n \t<li>Gesti\u00f3n eficiente y proactiva: facilitamos una gesti\u00f3n basada en un entendimiento completo y preciso del historial y condici\u00f3n de los equipos.<\/li>\n<\/ul>\nNuestro servicio de Partnering no s\u00f3lo mitiga exposiciones contractuales y riesgos t\u00e9cnicos, sino que tambi\u00e9n sienta las bases para una gesti\u00f3n m\u00e1s eficiente y fiable de las turbinas balanceando la carga de trabajo del personal de planta.\n\t\t\t\t\t\t<\/div>\n\t\t\t\t<\/div>\n\t\t\t\t<div class=\"elementor-element elementor-element-c61a874 elementor-widget elementor-widget-button\" data-id=\"c61a874\" data-element_type=\"widget\" data-widget_type=\"button.default\">\n\t\t\t\t<div class=\"elementor-widget-container\">\n\t\t\t\t\t<div class=\"elementor-button-wrapper\">\n\t\t\t<a class=\"elementor-button elementor-button-link elementor-size-sm\" href=\"https:\/\/unioenergy.com\/onepage-1\/\">\n\t\t\t\t\t\t<span class=\"elementor-button-content-wrapper\">\n\t\t\t\t\t\t\t\t\t<span class=\"elementor-button-text\">Volver al home<\/span>\n\t\t\t\t\t<\/span>\n\t\t\t\t\t<\/a>\n\t\t<\/div>\n\t\t\t\t<\/div>\n\t\t\t\t<\/div>\n\t\t\t\t\t<\/div>\n\t\t<\/div>\n\t\t\t\t\t<\/div>\n\t\t<\/section>\n\t\t\t\t<\/div>\n\t\t","protected":false},"excerpt":{"rendered":"<p>Partnering Acompa\u00f1amiento t\u00e9cnico contractual para empresas generadoras de energ\u00eda La operaci\u00f3n cotidiana de una central de energ\u00eda puede estresar las capacidades en los equipos de planta. Nuestro servicio de Partnering acompa\u00f1a las actividades permanentes abordando los problemas que afectan la gesti\u00f3n diaria, como:&gt; Contratos poco claros o desequilibrados: las responsabilidades entre el proveedor y el [&hellip;]<\/p>\n","protected":false},"author":1,"featured_media":0,"parent":0,"menu_order":0,"comment_status":"closed","ping_status":"closed","template":"","meta":{"inline_featured_image":false,"footnotes":""},"class_list":["post-756","page","type-page","status-publish","hentry"],"_links":{"self":[{"href":"https:\/\/unioenergy.com\/en\/wp-json\/wp\/v2\/pages\/756","targetHints":{"allow":["GET"]}}],"collection":[{"href":"https:\/\/unioenergy.com\/en\/wp-json\/wp\/v2\/pages"}],"about":[{"href":"https:\/\/unioenergy.com\/en\/wp-json\/wp\/v2\/types\/page"}],"author":[{"embeddable":true,"href":"https:\/\/unioenergy.com\/en\/wp-json\/wp\/v2\/users\/1"}],"replies":[{"embeddable":true,"href":"https:\/\/unioenergy.com\/en\/wp-json\/wp\/v2\/comments?post=756"}],"version-history":[{"count":1,"href":"https:\/\/unioenergy.com\/en\/wp-json\/wp\/v2\/pages\/756\/revisions"}],"predecessor-version":[{"id":759,"href":"https:\/\/unioenergy.com\/en\/wp-json\/wp\/v2\/pages\/756\/revisions\/759"}],"wp:attachment":[{"href":"https:\/\/unioenergy.com\/en\/wp-json\/wp\/v2\/media?parent=756"}],"curies":[{"name":"wp","href":"https:\/\/api.w.org\/{rel}","templated":true}]}}