{"id":757,"date":"2024-10-28T17:24:02","date_gmt":"2024-10-28T17:24:02","guid":{"rendered":"https:\/\/unioenergy.com\/strategic-decision-making-and-contracts\/"},"modified":"2024-12-02T19:40:59","modified_gmt":"2024-12-02T19:40:59","slug":"strategic-decision-making-and-contracts","status":"publish","type":"page","link":"https:\/\/unioenergy.com\/en\/strategic-decision-making-and-contracts\/","title":{"rendered":"Strategic Decision-Making and Contracts"},"content":{"rendered":"\t\t<div data-elementor-type=\"wp-page\" data-elementor-id=\"757\" class=\"elementor elementor-757\" data-elementor-post-type=\"page\">\n\t\t\t\t\t\t<section class=\"elementor-section elementor-top-section elementor-element elementor-element-32c85db7 op-section elementor-section-boxed elementor-section-height-default elementor-section-height-default\" data-id=\"32c85db7\" data-element_type=\"section\" id=\"portfolio\">\n\t\t\t\t\t\t<div class=\"elementor-container elementor-column-gap-default\">\n\t\t\t\t\t<div class=\"elementor-column elementor-col-100 elementor-top-column elementor-element elementor-element-1db94c97\" data-id=\"1db94c97\" data-element_type=\"column\">\n\t\t\t<div class=\"elementor-widget-wrap elementor-element-populated\">\n\t\t\t\t\t\t<div class=\"elementor-element elementor-element-2cf43f3 elementor-widget elementor-widget-heading\" data-id=\"2cf43f3\" data-element_type=\"widget\" data-widget_type=\"heading.default\">\n\t\t\t\t<div class=\"elementor-widget-container\">\n\t\t\t<h3 class=\"elementor-heading-title elementor-size-default\">Strategic Decision-Making and Contracts\n\n<\/h3>\t\t<\/div>\n\t\t\t\t<\/div>\n\t\t\t\t<div class=\"elementor-element elementor-element-49384ba elementor-widget elementor-widget-heading\" data-id=\"49384ba\" data-element_type=\"widget\" data-widget_type=\"heading.default\">\n\t\t\t\t<div class=\"elementor-widget-container\">\n\t\t\t<h2 class=\"elementor-heading-title elementor-size-default\">Advisory service for implementation of upgrades, the acquisition of new equipment and contract negotiations or renegotiations.<\/h2>\t\t<\/div>\n\t\t\t\t<\/div>\n\t\t\t\t<div class=\"elementor-element elementor-element-caff820 elementor-widget elementor-widget-text-editor\" data-id=\"caff820\" data-element_type=\"widget\" data-widget_type=\"text-editor.default\">\n\t\t\t\t<div class=\"elementor-widget-container\">\n\t\t\t\t\t\t\tAyudamos a nuestros clientes a tomar mejores decisiones en t\u00e9rminos de implementaci\u00f3n de upgrades, negociaciones o renegociaciones de contratos y adquisici\u00f3n de nuevos equipos. Nuestra metodolog\u00eda cubre todos los aspectos clave para garantizar decisiones informadas y estrat\u00e9gicas.\t\t\t\t\t\t<\/div>\n\t\t\t\t<\/div>\n\t\t\t\t<div class=\"elementor-element elementor-element-dab9c66 elementor-widget elementor-widget-image\" data-id=\"dab9c66\" data-element_type=\"widget\" data-widget_type=\"image.default\">\n\t\t\t\t<div class=\"elementor-widget-container\">\n\t\t\t\t\t\t\t\t\t\t\t\t\t<img fetchpriority=\"high\" decoding=\"async\" width=\"1200\" height=\"515\" src=\"https:\/\/unioenergy.com\/wp-content\/uploads\/2024\/10\/serv1.webp\" class=\"attachment-full size-full wp-image-324\" alt=\"\" srcset=\"https:\/\/unioenergy.com\/wp-content\/uploads\/2024\/10\/serv1.webp 1200w, https:\/\/unioenergy.com\/wp-content\/uploads\/2024\/10\/serv1-300x129.webp 300w, https:\/\/unioenergy.com\/wp-content\/uploads\/2024\/10\/serv1-1024x439.webp 1024w, https:\/\/unioenergy.com\/wp-content\/uploads\/2024\/10\/serv1-768x330.webp 768w\" sizes=\"(max-width: 1200px) 100vw, 1200px\" \/>\t\t\t\t\t\t\t\t\t\t\t\t\t<\/div>\n\t\t\t\t<\/div>\n\t\t\t\t<div class=\"elementor-element elementor-element-35b857a elementor-widget elementor-widget-heading\" data-id=\"35b857a\" data-element_type=\"widget\" data-widget_type=\"heading.default\">\n\t\t\t\t<div class=\"elementor-widget-container\">\n\t\t\t<h3 class=\"elementor-heading-title elementor-size-default\">Evaluaci\u00f3n de upgrades y nuevos equipos \n<\/h3>\t\t<\/div>\n\t\t\t\t<\/div>\n\t\t\t\t<div class=\"elementor-element elementor-element-1c9e6cf elementor-widget elementor-widget-text-editor\" data-id=\"1c9e6cf\" data-element_type=\"widget\" data-widget_type=\"text-editor.default\">\n\t\t\t\t<div class=\"elementor-widget-container\">\n\t\t\t\t\t\t\tNuestro enfoque para evaluar la implementaci\u00f3n de mejoras o adquisici\u00f3n de nuevos equipos incluye tres pasos fundamentales: identificaci\u00f3n de necesidades, compatibilidades de tecnolog\u00eda y an\u00e1lisis de implicancias organizacionales, operativas y contractuales.\t\t\t\t\t\t<\/div>\n\t\t\t\t<\/div>\n\t\t\t\t<div class=\"elementor-element elementor-element-14357bb elementor-widget elementor-widget-heading\" data-id=\"14357bb\" data-element_type=\"widget\" data-widget_type=\"heading.default\">\n\t\t\t\t<div class=\"elementor-widget-container\">\n\t\t\t<h3 class=\"elementor-heading-title elementor-size-default\">Definici\u00f3n de contratos de mantenimiento\n<\/h3>\t\t<\/div>\n\t\t\t\t<\/div>\n\t\t\t\t<div class=\"elementor-element elementor-element-e38068f elementor-widget elementor-widget-text-editor\" data-id=\"e38068f\" data-element_type=\"widget\" data-widget_type=\"text-editor.default\">\n\t\t\t\t<div class=\"elementor-widget-container\">\n\t\t\t\t\t\t\tUna vez definida la tecnolog\u00eda o mejora adecuada, ayudamos a nuestros clientes a estructurar la estrategia contractual necesaria. Nuestro proceso incluye dos aspectos clave:\t\t\t\t\t\t<\/div>\n\t\t\t\t<\/div>\n\t\t\t\t<div class=\"elementor-element elementor-element-208b62f elementor-widget elementor-widget-text-editor\" data-id=\"208b62f\" data-element_type=\"widget\" data-widget_type=\"text-editor.default\">\n\t\t\t\t<div class=\"elementor-widget-container\">\n\t\t\t\t\t\t\t1.Tipo de Contrato\t\t\t\t\t\t<\/div>\n\t\t\t\t<\/div>\n\t\t\t\t<div class=\"elementor-element elementor-element-b62ea5b elementor-widget elementor-widget-text-editor\" data-id=\"b62ea5b\" data-element_type=\"widget\" data-widget_type=\"text-editor.default\">\n\t\t\t\t<div class=\"elementor-widget-container\">\n\t\t\t\t\t\t\t<p><b>Evaluaci\u00f3n de opciones. Determinaci\u00f3n del tipo de contrato m\u00e1s adecuado para cada caso:<\/b><\/p>\n<ul>\n<li>One Time Contract<\/li>\n<li>Framework Contract<\/li>\n<li>Maintenance Long Term Contract<\/li>\n<li>Maintenance &amp; Operations Long Term Contract<\/li>\n<\/ul>\t\t\t\t\t\t<\/div>\n\t\t\t\t<\/div>\n\t\t\t\t<div class=\"elementor-element elementor-element-a80d221 elementor-widget elementor-widget-text-editor\" data-id=\"a80d221\" data-element_type=\"widget\" data-widget_type=\"text-editor.default\">\n\t\t\t\t<div class=\"elementor-widget-container\">\n\t\t\t\t\t\t\t2.T\u00e9rminos y Condiciones\t\t\t\t\t\t<\/div>\n\t\t\t\t<\/div>\n\t\t\t\t<div class=\"elementor-element elementor-element-a8c9a26 elementor-widget elementor-widget-text-editor\" data-id=\"a8c9a26\" data-element_type=\"widget\" data-widget_type=\"text-editor.default\">\n\t\t\t\t<div class=\"elementor-widget-container\">\n\t\t\t\t\t\t\t<p><b>Optimizaci\u00f3n de cobertura y administraci\u00f3n de riesgos. Evaluaci\u00f3n de los supuestos, t\u00e9rminos y condiciones del contrato que ayudan a disminuir los riesgos seg\u00fan la cobertura esperada para lograr los objetivos de disponibilidad y confiabilidad. Consideramos:<\/b><\/p>\n<ul>\n<li>Proyecci\u00f3n de operaci\u00f3n, ubicaci\u00f3n, cobertura deseada y personal.<\/li>\n<li>Definici\u00f3n de obligaciones de las partes, con las respectivos incentivos, garant\u00edas y coberturas de seguros.<\/li>\n<li>Optimizaci\u00f3n de costos y ciclos de pagos, riesgos y estrategias de mitigaci\u00f3n.<\/li>\n<\/ul>\t\t\t\t\t\t<\/div>\n\t\t\t\t<\/div>\n\t\t\t\t<div class=\"elementor-element elementor-element-ea5c13a elementor-widget elementor-widget-heading\" data-id=\"ea5c13a\" data-element_type=\"widget\" data-widget_type=\"heading.default\">\n\t\t\t\t<div class=\"elementor-widget-container\">\n\t\t\t<h3 class=\"elementor-heading-title elementor-size-default\">Beneficios de Nuestro Enfoque\n<\/h3>\t\t<\/div>\n\t\t\t\t<\/div>\n\t\t\t\t<div class=\"elementor-element elementor-element-3ef1566 elementor-widget elementor-widget-text-editor\" data-id=\"3ef1566\" data-element_type=\"widget\" data-widget_type=\"text-editor.default\">\n\t\t\t\t<div class=\"elementor-widget-container\">\n\t\t\t\t\t\t\tNuestro m\u00e9todo integral asegura que cada decisi\u00f3n relacionada con nuevos equipos o mejoras en sus equipos actuales est\u00e9 respaldada por un an\u00e1lisis exhaustivo y estrat\u00e9gico, alineado con las necesidades del negocio y enfocado en minimizar riesgos y maximizar la eficiencia operativa, asegurando el resultado esperado.\t\t\t\t\t\t<\/div>\n\t\t\t\t<\/div>\n\t\t\t\t<div class=\"elementor-element elementor-element-f3eeb6d elementor-widget elementor-widget-button\" data-id=\"f3eeb6d\" data-element_type=\"widget\" data-widget_type=\"button.default\">\n\t\t\t\t<div class=\"elementor-widget-container\">\n\t\t\t\t\t<div class=\"elementor-button-wrapper\">\n\t\t\t<a class=\"elementor-button elementor-button-link elementor-size-sm\" href=\"https:\/\/unioenergy.com\/onepage-1\/\">\n\t\t\t\t\t\t<span class=\"elementor-button-content-wrapper\">\n\t\t\t\t\t\t\t\t\t<span class=\"elementor-button-text\">Volver al home<\/span>\n\t\t\t\t\t<\/span>\n\t\t\t\t\t<\/a>\n\t\t<\/div>\n\t\t\t\t<\/div>\n\t\t\t\t<\/div>\n\t\t\t\t\t<\/div>\n\t\t<\/div>\n\t\t\t\t\t<\/div>\n\t\t<\/section>\n\t\t\t\t<\/div>\n\t\t","protected":false},"excerpt":{"rendered":"<p>Strategic Decision-Making and Contracts Advisory service for implementation of upgrades, the acquisition of new equipment and contract negotiations or renegotiations. Ayudamos a nuestros clientes a tomar mejores decisiones en t\u00e9rminos de implementaci\u00f3n de upgrades, negociaciones o renegociaciones de contratos y adquisici\u00f3n de nuevos equipos. Nuestra metodolog\u00eda cubre todos los aspectos clave para garantizar decisiones informadas [&hellip;]<\/p>\n","protected":false},"author":1,"featured_media":0,"parent":0,"menu_order":0,"comment_status":"closed","ping_status":"closed","template":"","meta":{"inline_featured_image":false,"footnotes":""},"class_list":["post-757","page","type-page","status-publish","hentry"],"_links":{"self":[{"href":"https:\/\/unioenergy.com\/en\/wp-json\/wp\/v2\/pages\/757","targetHints":{"allow":["GET"]}}],"collection":[{"href":"https:\/\/unioenergy.com\/en\/wp-json\/wp\/v2\/pages"}],"about":[{"href":"https:\/\/unioenergy.com\/en\/wp-json\/wp\/v2\/types\/page"}],"author":[{"embeddable":true,"href":"https:\/\/unioenergy.com\/en\/wp-json\/wp\/v2\/users\/1"}],"replies":[{"embeddable":true,"href":"https:\/\/unioenergy.com\/en\/wp-json\/wp\/v2\/comments?post=757"}],"version-history":[{"count":4,"href":"https:\/\/unioenergy.com\/en\/wp-json\/wp\/v2\/pages\/757\/revisions"}],"predecessor-version":[{"id":770,"href":"https:\/\/unioenergy.com\/en\/wp-json\/wp\/v2\/pages\/757\/revisions\/770"}],"wp:attachment":[{"href":"https:\/\/unioenergy.com\/en\/wp-json\/wp\/v2\/media?parent=757"}],"curies":[{"name":"wp","href":"https:\/\/api.w.org\/{rel}","templated":true}]}}